{"id":1353,"date":"2022-02-24T15:17:13","date_gmt":"2022-02-24T14:17:13","guid":{"rendered":"https:\/\/holzmann-fvl.at\/de\/?page_id=1353"},"modified":"2024-11-20T16:48:16","modified_gmt":"2024-11-20T15:48:16","slug":"impressum","status":"publish","type":"page","link":"https:\/\/holzmann-fvl.at\/de\/impressum\/","title":{"rendered":"Impressum"},"content":{"rendered":"\t\t<div data-elementor-type=\"wp-page\" data-elementor-id=\"1353\" class=\"elementor elementor-1353\">\n\t\t\t\t\t\t<section class=\"elementor-section elementor-top-section elementor-element elementor-element-897a4bc elementor-section-boxed elementor-section-height-default elementor-section-height-default parallax_section_no qode_elementor_container_no\" data-id=\"897a4bc\" data-element_type=\"section\" data-e-type=\"section\">\n\t\t\t\t\t\t<div class=\"elementor-container elementor-column-gap-default\">\n\t\t\t\t\t<div class=\"elementor-column elementor-col-100 elementor-top-column elementor-element elementor-element-08b106e\" data-id=\"08b106e\" data-element_type=\"column\" data-e-type=\"column\">\n\t\t\t<div class=\"elementor-widget-wrap elementor-element-populated\">\n\t\t\t\t\t\t<div class=\"elementor-element elementor-element-a66484d elementor-widget elementor-widget-text-editor\" data-id=\"a66484d\" data-element_type=\"widget\" data-e-type=\"widget\" data-widget_type=\"text-editor.default\">\n\t\t\t\t<div class=\"elementor-widget-container\">\n\t\t\t\t\t\t\t\t\t<h1 style=\"text-align: center;\">IMPRESSUM<\/h1><p style=\"text-align: center;\">Diese Website wird herausgegeben von:<\/p><p style=\"text-align: center;\"><strong>Holzmann Feines vom Land GmbH<\/strong><br \/>Falkenau 11<br \/>AT-4690 Schwanenstadt<br \/><strong><br \/><\/strong>Tel. +43 (0)7673 \/ 2377-0<br \/>Fax +43 (0)7673 \/ 2377-18<br \/><a href=\"mailto:office@holzmann-fvl.at\" target=\"_blank\" rel=\"noopener noreferrer\">office@holzmann-fvl.at<\/a><\/p><p style=\"text-align: center;\">FN\u00a0183668 a<br \/>UID Nummer: ATU81227003<\/p><p style=\"text-align: center;\"><a href=\"http:\/\/firmen.wko.at\/Web\/DetailsKontakt.aspx?FirmaID=3a4341c1-2151-49bc-9110-b6dfb57e62f2&amp;StandortID=1204&amp;StandortName=Schwanenstadt&amp;Suchbegriff=holzmann\" target=\"_blank\" rel=\"noopener\">ECG<\/a><\/p><p style=\"text-align: center;\"><a href=\"https:\/\/holzmann-fvl.at\/wp-content\/uploads\/2024\/11\/AGB-Liefer-und-Zahlungsbedingungen-Firma-Holzmann_V3_11.2024.pdf\" target=\"_blank\" rel=\"noopener\">Allgemeine Gesch\u00e4ftsbedingungen (AGBs PDF, 113 kB)<\/a><\/p><p style=\"text-align: center;\">Alle Informationen werden sorgf\u00e4ltig gepr\u00fcft. F\u00fcr die Richtigkeit wird keine Garantie \u00fcbernommen. Technische \u00c4nderungen an den Produkten und Dienstleistungen sind jederzeit vorbehalten.<\/p><p style=\"text-align: center;\">Auf einigen Seiten befinden sich Links zu anderen Websites. Wir haben keinerlei Einfluss auf die Gestaltung und die Inhalte dieser gelinkten Websites. Die Links dienen nur der vereinfachten Navigation f\u00fcr den Anwender. Ein Verweis auf eine externe Seite bedeutet nicht, dass Holzmann Feines vom Land GmbH den Inhalt dieser Seite und deren Folgeseiten vollst\u00e4ndig \u00fcberpr\u00fcft hat bzw. mit ihrem Inhalt einverstanden ist. Diese Erkl\u00e4rung gilt f\u00fcr alle externen Links dieser Website.<\/p><p style=\"text-align: center;\">\u00a9 Copyright Holzmann Feines vom Land GmbH<\/p><p style=\"text-align: center;\">Die Webseite und die hierin enthaltenen Informationen sind urheberrechtlich gesch\u00fctzt.<\/p><p style=\"text-align: center;\">Umsetzung: <a href=\"http:\/\/www.brainstorm-werbeagentur.at\" target=\"_blank\" rel=\"noopener\">BrainStorm Werbeagentur<\/a><\/p>\t\t\t\t\t\t\t\t<\/div>\n\t\t\t\t<\/div>\n\t\t\t\t<div class=\"elementor-element elementor-element-3dbf5c7 elementor-widget elementor-widget-spacer\" data-id=\"3dbf5c7\" data-element_type=\"widget\" data-e-type=\"widget\" data-widget_type=\"spacer.default\">\n\t\t\t\t<div class=\"elementor-widget-container\">\n\t\t\t\t\t\t\t<div class=\"elementor-spacer\">\n\t\t\t<div class=\"elementor-spacer-inner\"><\/div>\n\t\t<\/div>\n\t\t\t\t\t\t<\/div>\n\t\t\t\t<\/div>\n\t\t\t\t\t<\/div>\n\t\t<\/div>\n\t\t\t\t\t<\/div>\n\t\t<\/section>\n\t\t\t\t<\/div>\n\t\t","protected":false},"excerpt":{"rendered":"<p>IMPRESSUM Diese Website wird herausgegeben von: Holzmann Feines vom Land GmbHFalkenau 11AT-4690 SchwanenstadtTel. +43 (0)7673 \/ 2377-0Fax +43 (0)7673 \/ 2377-18office@holzmann-fvl.at FN\u00a0183668 aUID Nummer: ATU81227003 ECG Allgemeine Gesch\u00e4ftsbedingungen (AGBs PDF, 113 kB) Alle Informationen werden sorgf\u00e4ltig gepr\u00fcft. F\u00fcr die Richtigkeit wird keine Garantie \u00fcbernommen. Technische&#8230;<\/p>\n","protected":false},"author":2,"featured_media":0,"parent":0,"menu_order":8,"comment_status":"closed","ping_status":"closed","template":"full_width.php","meta":{"footnotes":""},"class_list":["post-1353","page","type-page","status-publish","hentry"],"yoast_head":"<!-- This site is optimized with the Yoast SEO plugin v27.3 - https:\/\/yoast.com\/product\/yoast-seo-wordpress\/ -->\n<title>Impressum - Holzmann Feines vom Land<\/title>\n<meta name=\"robots\" content=\"index, follow, max-snippet:-1, max-image-preview:large, max-video-preview:-1\" \/>\n<link rel=\"canonical\" href=\"https:\/\/holzmann-fvl.at\/de\/impressum\/\" \/>\n<meta property=\"og:locale\" content=\"de_DE\" \/>\n<meta property=\"og:type\" content=\"article\" \/>\n<meta property=\"og:title\" content=\"Impressum - Holzmann Feines vom Land\" \/>\n<meta property=\"og:description\" content=\"IMPRESSUM Diese Website wird herausgegeben von: Holzmann Feines vom Land GmbHFalkenau 11AT-4690 SchwanenstadtTel. +43 (0)7673 \/ 2377-0Fax +43 (0)7673 \/ 2377-18office@holzmann-fvl.at FN\u00a0183668 aUID Nummer: ATU81227003 ECG Allgemeine Gesch\u00e4ftsbedingungen (AGBs PDF, 113 kB) Alle Informationen werden sorgf\u00e4ltig gepr\u00fcft. F\u00fcr die Richtigkeit wird keine Garantie \u00fcbernommen. Technische...\" \/>\n<meta property=\"og:url\" content=\"https:\/\/holzmann-fvl.at\/de\/impressum\/\" \/>\n<meta property=\"og:site_name\" content=\"Holzmann Feines vom Land\" \/>\n<meta property=\"article:modified_time\" content=\"2024-11-20T15:48:16+00:00\" \/>\n<meta name=\"twitter:card\" content=\"summary_large_image\" \/>\n<meta name=\"twitter:label1\" content=\"Gesch\u00e4tzte Lesezeit\" \/>\n\t<meta name=\"twitter:data1\" content=\"1\u00a0Minute\" \/>\n<script type=\"application\/ld+json\" class=\"yoast-schema-graph\">{\"@context\":\"https:\\\/\\\/schema.org\",\"@graph\":[{\"@type\":\"WebPage\",\"@id\":\"https:\\\/\\\/holzmann-fvl.at\\\/de\\\/impressum\\\/\",\"url\":\"https:\\\/\\\/holzmann-fvl.at\\\/de\\\/impressum\\\/\",\"name\":\"Impressum - Holzmann Feines vom Land\",\"isPartOf\":{\"@id\":\"https:\\\/\\\/holzmann-fvl.at\\\/de\\\/#website\"},\"datePublished\":\"2022-02-24T14:17:13+00:00\",\"dateModified\":\"2024-11-20T15:48:16+00:00\",\"breadcrumb\":{\"@id\":\"https:\\\/\\\/holzmann-fvl.at\\\/de\\\/impressum\\\/#breadcrumb\"},\"inLanguage\":\"de\",\"potentialAction\":[{\"@type\":\"ReadAction\",\"target\":[\"https:\\\/\\\/holzmann-fvl.at\\\/de\\\/impressum\\\/\"]}]},{\"@type\":\"BreadcrumbList\",\"@id\":\"https:\\\/\\\/holzmann-fvl.at\\\/de\\\/impressum\\\/#breadcrumb\",\"itemListElement\":[{\"@type\":\"ListItem\",\"position\":1,\"name\":\"Startseite\",\"item\":\"https:\\\/\\\/holzmann-fvl.at\\\/de\\\/\"},{\"@type\":\"ListItem\",\"position\":2,\"name\":\"Impressum\"}]},{\"@type\":\"WebSite\",\"@id\":\"https:\\\/\\\/holzmann-fvl.at\\\/de\\\/#website\",\"url\":\"https:\\\/\\\/holzmann-fvl.at\\\/de\\\/\",\"name\":\"Bodo Sch\u00e4fer - Finanzcoach Moneycoach Geld Wohlstand Mindset Reichtum\",\"description\":\"\",\"publisher\":{\"@id\":\"https:\\\/\\\/holzmann-fvl.at\\\/de\\\/#organization\"},\"potentialAction\":[{\"@type\":\"SearchAction\",\"target\":{\"@type\":\"EntryPoint\",\"urlTemplate\":\"https:\\\/\\\/holzmann-fvl.at\\\/de\\\/?s={search_term_string}\"},\"query-input\":{\"@type\":\"PropertyValueSpecification\",\"valueRequired\":true,\"valueName\":\"search_term_string\"}}],\"inLanguage\":\"de\"},{\"@type\":\"Organization\",\"@id\":\"https:\\\/\\\/holzmann-fvl.at\\\/de\\\/#organization\",\"name\":\"Holzmann Feines vom Land\",\"url\":\"https:\\\/\\\/holzmann-fvl.at\\\/de\\\/\",\"logo\":{\"@type\":\"ImageObject\",\"inLanguage\":\"de\",\"@id\":\"https:\\\/\\\/holzmann-fvl.at\\\/de\\\/#\\\/schema\\\/logo\\\/image\\\/\",\"url\":\"https:\\\/\\\/holzmann-fvl.at\\\/de\\\/wp-content\\\/uploads\\\/2022\\\/02\\\/holzmann-logo.jpg\",\"contentUrl\":\"https:\\\/\\\/holzmann-fvl.at\\\/de\\\/wp-content\\\/uploads\\\/2022\\\/02\\\/holzmann-logo.jpg\",\"width\":190,\"height\":103,\"caption\":\"Holzmann Feines vom Land\"},\"image\":{\"@id\":\"https:\\\/\\\/holzmann-fvl.at\\\/de\\\/#\\\/schema\\\/logo\\\/image\\\/\"}}]}<\/script>\n<!-- \/ Yoast SEO plugin. -->","yoast_head_json":{"title":"Impressum - Holzmann Feines vom Land","robots":{"index":"index","follow":"follow","max-snippet":"max-snippet:-1","max-image-preview":"max-image-preview:large","max-video-preview":"max-video-preview:-1"},"canonical":"https:\/\/holzmann-fvl.at\/de\/impressum\/","og_locale":"de_DE","og_type":"article","og_title":"Impressum - Holzmann Feines vom Land","og_description":"IMPRESSUM Diese Website wird herausgegeben von: Holzmann Feines vom Land GmbHFalkenau 11AT-4690 SchwanenstadtTel. +43 (0)7673 \/ 2377-0Fax +43 (0)7673 \/ 2377-18office@holzmann-fvl.at FN\u00a0183668 aUID Nummer: ATU81227003 ECG Allgemeine Gesch\u00e4ftsbedingungen (AGBs PDF, 113 kB) Alle Informationen werden sorgf\u00e4ltig gepr\u00fcft. F\u00fcr die Richtigkeit wird keine Garantie \u00fcbernommen. Technische...","og_url":"https:\/\/holzmann-fvl.at\/de\/impressum\/","og_site_name":"Holzmann Feines vom Land","article_modified_time":"2024-11-20T15:48:16+00:00","twitter_card":"summary_large_image","twitter_misc":{"Gesch\u00e4tzte Lesezeit":"1\u00a0Minute"},"schema":{"@context":"https:\/\/schema.org","@graph":[{"@type":"WebPage","@id":"https:\/\/holzmann-fvl.at\/de\/impressum\/","url":"https:\/\/holzmann-fvl.at\/de\/impressum\/","name":"Impressum - Holzmann Feines vom Land","isPartOf":{"@id":"https:\/\/holzmann-fvl.at\/de\/#website"},"datePublished":"2022-02-24T14:17:13+00:00","dateModified":"2024-11-20T15:48:16+00:00","breadcrumb":{"@id":"https:\/\/holzmann-fvl.at\/de\/impressum\/#breadcrumb"},"inLanguage":"de","potentialAction":[{"@type":"ReadAction","target":["https:\/\/holzmann-fvl.at\/de\/impressum\/"]}]},{"@type":"BreadcrumbList","@id":"https:\/\/holzmann-fvl.at\/de\/impressum\/#breadcrumb","itemListElement":[{"@type":"ListItem","position":1,"name":"Startseite","item":"https:\/\/holzmann-fvl.at\/de\/"},{"@type":"ListItem","position":2,"name":"Impressum"}]},{"@type":"WebSite","@id":"https:\/\/holzmann-fvl.at\/de\/#website","url":"https:\/\/holzmann-fvl.at\/de\/","name":"Bodo Sch\u00e4fer - Finanzcoach Moneycoach Geld Wohlstand Mindset Reichtum","description":"","publisher":{"@id":"https:\/\/holzmann-fvl.at\/de\/#organization"},"potentialAction":[{"@type":"SearchAction","target":{"@type":"EntryPoint","urlTemplate":"https:\/\/holzmann-fvl.at\/de\/?s={search_term_string}"},"query-input":{"@type":"PropertyValueSpecification","valueRequired":true,"valueName":"search_term_string"}}],"inLanguage":"de"},{"@type":"Organization","@id":"https:\/\/holzmann-fvl.at\/de\/#organization","name":"Holzmann Feines vom Land","url":"https:\/\/holzmann-fvl.at\/de\/","logo":{"@type":"ImageObject","inLanguage":"de","@id":"https:\/\/holzmann-fvl.at\/de\/#\/schema\/logo\/image\/","url":"https:\/\/holzmann-fvl.at\/de\/wp-content\/uploads\/2022\/02\/holzmann-logo.jpg","contentUrl":"https:\/\/holzmann-fvl.at\/de\/wp-content\/uploads\/2022\/02\/holzmann-logo.jpg","width":190,"height":103,"caption":"Holzmann Feines vom Land"},"image":{"@id":"https:\/\/holzmann-fvl.at\/de\/#\/schema\/logo\/image\/"}}]}},"_links":{"self":[{"href":"https:\/\/holzmann-fvl.at\/de\/wp-json\/wp\/v2\/pages\/1353","targetHints":{"allow":["GET"]}}],"collection":[{"href":"https:\/\/holzmann-fvl.at\/de\/wp-json\/wp\/v2\/pages"}],"about":[{"href":"https:\/\/holzmann-fvl.at\/de\/wp-json\/wp\/v2\/types\/page"}],"author":[{"embeddable":true,"href":"https:\/\/holzmann-fvl.at\/de\/wp-json\/wp\/v2\/users\/2"}],"replies":[{"embeddable":true,"href":"https:\/\/holzmann-fvl.at\/de\/wp-json\/wp\/v2\/comments?post=1353"}],"version-history":[{"count":19,"href":"https:\/\/holzmann-fvl.at\/de\/wp-json\/wp\/v2\/pages\/1353\/revisions"}],"predecessor-version":[{"id":2168,"href":"https:\/\/holzmann-fvl.at\/de\/wp-json\/wp\/v2\/pages\/1353\/revisions\/2168"}],"wp:attachment":[{"href":"https:\/\/holzmann-fvl.at\/de\/wp-json\/wp\/v2\/media?parent=1353"}],"curies":[{"name":"wp","href":"https:\/\/api.w.org\/{rel}","templated":true}]}}