{"id":1383,"date":"2022-02-24T15:47:11","date_gmt":"2022-02-24T14:47:11","guid":{"rendered":"https:\/\/holzmann-fvl.at\/de\/?page_id=1383"},"modified":"2026-02-12T12:10:11","modified_gmt":"2026-02-12T11:10:11","slug":"holzmann","status":"publish","type":"page","link":"https:\/\/holzmann-fvl.at\/de\/holzmann\/","title":{"rendered":"Holzmann"},"content":{"rendered":"\t\t<div data-elementor-type=\"wp-page\" data-elementor-id=\"1383\" class=\"elementor elementor-1383\">\n\t\t\t\t\t\t<section class=\"elementor-section elementor-top-section elementor-element elementor-element-897a4bc elementor-section-boxed elementor-section-height-default elementor-section-height-default parallax_section_no qode_elementor_container_no\" data-id=\"897a4bc\" data-element_type=\"section\" data-e-type=\"section\">\n\t\t\t\t\t\t<div class=\"elementor-container elementor-column-gap-default\">\n\t\t\t\t\t<div class=\"elementor-column elementor-col-100 elementor-top-column elementor-element elementor-element-08b106e\" data-id=\"08b106e\" data-element_type=\"column\" data-e-type=\"column\">\n\t\t\t<div class=\"elementor-widget-wrap elementor-element-populated\">\n\t\t\t\t\t\t<div class=\"elementor-element elementor-element-a66484d elementor-widget elementor-widget-text-editor\" data-id=\"a66484d\" data-element_type=\"widget\" data-e-type=\"widget\" data-widget_type=\"text-editor.default\">\n\t\t\t\t<div class=\"elementor-widget-container\">\n\t\t\t\t\t\t\t\t\t<h1 style=\"text-align: center;\">HOLZMANN<\/h1><h3 style=\"text-align: center;\">\u00dcBER UNS<\/h3>\t\t\t\t\t\t\t\t<\/div>\n\t\t\t\t<\/div>\n\t\t\t\t<div class=\"elementor-element elementor-element-1674125 elementor-widget-divider--view-line elementor-widget elementor-widget-divider\" data-id=\"1674125\" data-element_type=\"widget\" data-e-type=\"widget\" data-widget_type=\"divider.default\">\n\t\t\t\t<div class=\"elementor-widget-container\">\n\t\t\t\t\t\t\t<div class=\"elementor-divider\">\n\t\t\t<span class=\"elementor-divider-separator\">\n\t\t\t\t\t\t<\/span>\n\t\t<\/div>\n\t\t\t\t\t\t<\/div>\n\t\t\t\t<\/div>\n\t\t\t\t<div class=\"elementor-element elementor-element-fc52fe9 elementor-widget elementor-widget-text-editor\" data-id=\"fc52fe9\" data-element_type=\"widget\" data-e-type=\"widget\" data-widget_type=\"text-editor.default\">\n\t\t\t\t<div class=\"elementor-widget-container\">\n\t\t\t\t\t\t\t\t\t<div class=\"wpb_column vc_column_container vc_col-sm-6\"><div class=\"vc_column-inner\"><div class=\"wpb_wrapper\"><div class=\"wpb_text_column wpb_content_element \"><div class=\"wpb_wrapper\"><p>Wir sind Anbieter von ausgew\u00e4hlten Convenience-Produkten (vorwiegend gek\u00fchlt) f\u00fcr Lebensmittel-Gro\u00dfhandel, Gro\u00dfverbraucher, Gastronomie &amp; Industrie in \u00d6sterreich und dem umliegenden Ausland \u2013 ausschlie\u00dflich B2B.<\/p><\/div><\/div><\/div><\/div><\/div><div class=\"wpb_column vc_column_container vc_col-sm-6\"><div class=\"vc_column-inner\"><div class=\"wpb_wrapper\"><div class=\"wpb_text_column wpb_content_element \"><div class=\"wpb_wrapper\"><p>Als zuverl\u00e4ssiger &amp; kompetenter Partner f\u00fcr Kunden, Mitarbeiter und Lieferanten agieren wir mit hoher Kompetenz und Motivation zum gegenseitigen Nutzen.\u00a0Dabei legen wir neben der erstklassigen Produktqualit\u00e4t gro\u00dfen Wert auf kundenorientierte Dienstleistungen. Wir zeichnen uns aus durch kundennahen Service und flexible, p\u00fcnktliche Warenverf\u00fcgbarkeit.<\/p><\/div><\/div><\/div><\/div><\/div>\t\t\t\t\t\t\t\t<\/div>\n\t\t\t\t<\/div>\n\t\t\t\t<div class=\"elementor-element elementor-element-c3810a0 elementor-widget elementor-widget-image\" data-id=\"c3810a0\" data-element_type=\"widget\" data-e-type=\"widget\" data-widget_type=\"image.default\">\n\t\t\t\t<div class=\"elementor-widget-container\">\n\t\t\t\t\t\t\t\t\t\t\t\t\t\t\t<img decoding=\"async\" src=\"https:\/\/holzmann-fvl.at\/de\/wp-content\/uploads\/elementor\/thumbs\/thomas-und-stefan-ri0q80u3fdenjknzadvvlr15w929r8awtw58n8xmh6.jpg\" title=\"thomas-und-stefan\" alt=\"thomas-und-stefan\" loading=\"lazy\" \/>\t\t\t\t\t\t\t\t\t\t\t\t\t\t\t<\/div>\n\t\t\t\t<\/div>\n\t\t\t\t<div class=\"elementor-element elementor-element-65296a7 elementor-widget elementor-widget-text-editor\" data-id=\"65296a7\" data-element_type=\"widget\" data-e-type=\"widget\" data-widget_type=\"text-editor.default\">\n\t\t\t\t<div class=\"elementor-widget-container\">\n\t\t\t\t\t\t\t\t\t<div class=\"wpb_column vc_column_container vc_col-sm-6\"><div class=\"vc_column-inner\"><div class=\"wpb_wrapper\"><div class=\"wpb_text_column wpb_content_element \"><div class=\"wpb_wrapper\"><p style=\"text-align: center;\">Gesch\u00e4ftsf\u00fchrung und Verkaufsleitung Thomas Holzmann und Neffe Stefan Puchner v.l.n.r.<\/p><\/div><\/div><\/div><\/div><\/div>\t\t\t\t\t\t\t\t<\/div>\n\t\t\t\t<\/div>\n\t\t\t\t<div class=\"elementor-element elementor-element-c325b04 elementor-widget-divider--view-line elementor-widget elementor-widget-divider\" data-id=\"c325b04\" data-element_type=\"widget\" data-e-type=\"widget\" data-widget_type=\"divider.default\">\n\t\t\t\t<div class=\"elementor-widget-container\">\n\t\t\t\t\t\t\t<div class=\"elementor-divider\">\n\t\t\t<span class=\"elementor-divider-separator\">\n\t\t\t\t\t\t<\/span>\n\t\t<\/div>\n\t\t\t\t\t\t<\/div>\n\t\t\t\t<\/div>\n\t\t\t\t<div class=\"elementor-element elementor-element-622846d elementor-widget elementor-widget-text-editor\" data-id=\"622846d\" data-element_type=\"widget\" data-e-type=\"widget\" data-widget_type=\"text-editor.default\">\n\t\t\t\t<div class=\"elementor-widget-container\">\n\t\t\t\t\t\t\t\t\t<h1 style=\"text-align: center;\">Firmengeschichte<\/h1>\t\t\t\t\t\t\t\t<\/div>\n\t\t\t\t<\/div>\n\t\t\t\t<div class=\"elementor-element elementor-element-613bbf8 elementor-widget__width-initial elementor-widget elementor-widget-text-editor\" data-id=\"613bbf8\" data-element_type=\"widget\" data-e-type=\"widget\" data-widget_type=\"text-editor.default\">\n\t\t\t\t<div class=\"elementor-widget-container\">\n\t\t\t\t\t\t\t\t\t<p class=\"MsoNormal\">Seit unserer Gr\u00fcndung im Jahr 1957 haben wir uns bei\nHolzmann Feines vom Land GmbH zu einem verl\u00e4sslichen \u00f6sterreichischen\nSpezialisten f\u00fcr hochwertige Frische-Convenience-Produkte entwickelt. Von\nunserem Standort in Schwanenstadt (Ober\u00f6sterreich) aus arbeiten wir seit\nJahrzehnten an zukunftsorientierten Lebensmittell\u00f6sungen f\u00fcr Gro\u00dfverbraucher\nund die Lebensmittelindustrie.<o:p><\/o:p><\/p><p class=\"MsoNormal\">Ein besonderer Schwerpunkt liegt f\u00fcr uns im Zwiebelsegment.\nHier verbinden wir langj\u00e4hrige Praxiserfahrung mit innovativen Produkt- und\nVerpackungskonzepten. <o:p><\/o:p><\/p><p class=\"MsoNormal\">Neben unseren eigenen Marken entwickeln wir auch\nindividuelle Private-Label-L\u00f6sungen und arbeiten dabei eng mit\nLebensmittelherstellern und Gro\u00dfh\u00e4ndlern zusammen. Unser Anspruch: Produkte,\ndie im Alltag \u00fcberzeugen \u2013 effizient, konstant und zuverl\u00e4ssig.<o:p><\/o:p><\/p><p class=\"MsoNormal\"><o:p>&nbsp;<\/o:p><\/p><p class=\"MsoNormal\"><b><i>fix &amp; fertig<\/i> Schmor-Zwiebeln \u2013 gemacht f\u00fcr\nmoderne K\u00fcchen und die Industrie<o:p><\/o:p><\/b><\/p><p class=\"MsoNormal\">Ein wichtiger Meilenstein unserer Produktentwicklung sind\nunsere \u201e<b><i>fix &amp; fertig<\/i> Schmor-Zwiebel\u201c<\/b>. Sie werden gesch\u00e4lt,\ngeschnitten, schonend gegart und reduziert. So entsteht ein praktisches\nConvenience-Produkt mit Clean Label, mildem Geschmack, guter Bek\u00f6mmlichkeit und\nlanger Haltbarkeit. <o:p><\/o:p><\/p><p class=\"MsoNormal\"><o:p>&nbsp;<\/o:p><\/p><p class=\"MsoNormal\">Unsere letzte Entwicklung sind die Schmor-Zwiebel Tiefk\u00fchlprodukte,\nwie gewohnt <i>fix &amp; fertig<\/i> zum Einsatz, praktisch portioniert und\ntiefgek\u00fchlt. <o:p><\/o:p><\/p><p class=\"MsoNormal\">Diese Produktneuheit wurde nun auch international\nausgezeichnet, als wir auf der Gulfood 2026, der weltweit gr\u00f6\u00dften\nF&amp;B-Veranstaltung, in der Kategorie <b>Frozen &amp; Chilled Products<\/b>\nmit dem <b>Gulfood Innovation Award<\/b> f\u00fcr unsere nat\u00fcrlich karamellisierten,\nportionierten TK-Zwiebeln, goldbraun ausgezeichnet wurden. Diese Auszeichnung\nerf\u00fcllt uns mit gro\u00dfer Freude, best\u00e4tigt unsere Innovationskraft und unserer\nKompetenz, einen Mehrwert f\u00fcr unsere Kunden zu liefern.<o:p><\/o:p><\/p><p class=\"MsoNormal\"><o:p>&nbsp;<\/o:p><\/p><p class=\"MsoNormal\"><b>Zertifizierte Qualit\u00e4t &amp; verl\u00e4ssliche Logistik<o:p><\/o:p><\/b><\/p><p class=\"MsoNormal\">Qualit\u00e4t und Lebensmittelsicherheit stehen f\u00fcr uns an erster\nStelle. Wir sind nach <b>IFS Broker<\/b> und <b>IFS Logistics<\/b> zertifiziert\nund sorgen damit f\u00fcr transparente Lieferketten, kontrollierte Prozesse und\neinen zuverl\u00e4ssigen Service f\u00fcr unsere professionellen Kunden.<o:p><\/o:p><\/p><p>\n\n\n\n\n\n\n\n\n\n\n\n\n\n\n\n\n\n\n\n\n\n\n\n<\/p><p class=\"MsoNormal\">Mit \u00fcber 60 Jahren Erfahrung stehen wir f\u00fcr \u00f6sterreichische\nVerl\u00e4sslichkeit, fundiertes Zwiebel-Know-how und innovative\nConvenience-L\u00f6sungen \u2013 vielseitig einsetzbar und auf langfristigen Markterfolg\nausgerichtet.<o:p><\/o:p><\/p>\t\t\t\t\t\t\t\t<\/div>\n\t\t\t\t<\/div>\n\t\t\t\t<div class=\"elementor-element elementor-element-6038d2e elementor-widget-divider--view-line elementor-widget elementor-widget-divider\" data-id=\"6038d2e\" data-element_type=\"widget\" data-e-type=\"widget\" data-widget_type=\"divider.default\">\n\t\t\t\t<div class=\"elementor-widget-container\">\n\t\t\t\t\t\t\t<div class=\"elementor-divider\">\n\t\t\t<span class=\"elementor-divider-separator\">\n\t\t\t\t\t\t<\/span>\n\t\t<\/div>\n\t\t\t\t\t\t<\/div>\n\t\t\t\t<\/div>\n\t\t\t\t\t<\/div>\n\t\t<\/div>\n\t\t\t\t\t<\/div>\n\t\t<\/section>\n\t\t\t\t<\/div>\n\t\t","protected":false},"excerpt":{"rendered":"<p>HOLZMANN \u00dcBER UNS Wir sind Anbieter von ausgew\u00e4hlten Convenience-Produkten (vorwiegend gek\u00fchlt) f\u00fcr Lebensmittel-Gro\u00dfhandel, Gro\u00dfverbraucher, Gastronomie &amp; Industrie in \u00d6sterreich und dem umliegenden Ausland \u2013 ausschlie\u00dflich B2B. Als zuverl\u00e4ssiger &amp; kompetenter Partner f\u00fcr Kunden, Mitarbeiter und Lieferanten agieren wir mit hoher Kompetenz und Motivation zum gegenseitigen&#8230;<\/p>\n","protected":false},"author":2,"featured_media":0,"parent":0,"menu_order":5,"comment_status":"closed","ping_status":"closed","template":"full_width.php","meta":{"footnotes":""},"class_list":["post-1383","page","type-page","status-publish","hentry"],"yoast_head":"<!-- This site is optimized with the Yoast SEO plugin v27.3 - https:\/\/yoast.com\/product\/yoast-seo-wordpress\/ -->\n<title>Holzmann - Holzmann Feines vom Land<\/title>\n<meta name=\"robots\" content=\"index, follow, max-snippet:-1, max-image-preview:large, max-video-preview:-1\" \/>\n<link rel=\"canonical\" href=\"https:\/\/holzmann-fvl.at\/de\/holzmann\/\" \/>\n<meta property=\"og:locale\" content=\"de_DE\" \/>\n<meta property=\"og:type\" content=\"article\" \/>\n<meta property=\"og:title\" content=\"Holzmann - Holzmann Feines vom Land\" \/>\n<meta property=\"og:description\" content=\"HOLZMANN \u00dcBER UNS Wir sind Anbieter von ausgew\u00e4hlten Convenience-Produkten (vorwiegend gek\u00fchlt) f\u00fcr Lebensmittel-Gro\u00dfhandel, Gro\u00dfverbraucher, Gastronomie &amp; Industrie in \u00d6sterreich und dem umliegenden Ausland \u2013 ausschlie\u00dflich B2B. Als zuverl\u00e4ssiger &amp; kompetenter Partner f\u00fcr Kunden, Mitarbeiter und Lieferanten agieren wir mit hoher Kompetenz und Motivation zum gegenseitigen...\" \/>\n<meta property=\"og:url\" content=\"https:\/\/holzmann-fvl.at\/de\/holzmann\/\" \/>\n<meta property=\"og:site_name\" content=\"Holzmann Feines vom Land\" \/>\n<meta property=\"article:modified_time\" content=\"2026-02-12T11:10:11+00:00\" \/>\n<meta property=\"og:image\" content=\"https:\/\/holzmann-fvl.at\/de\/wp-content\/uploads\/elementor\/thumbs\/thomas-und-stefan-ri0q80u3fdenjknzadvvlr15w929r8awtw58n8xmhg.jpg\" \/>\n<meta name=\"twitter:card\" content=\"summary_large_image\" \/>\n<meta name=\"twitter:label1\" content=\"Gesch\u00e4tzte Lesezeit\" \/>\n\t<meta name=\"twitter:data1\" content=\"2\u00a0Minuten\" \/>\n<script type=\"application\/ld+json\" class=\"yoast-schema-graph\">{\"@context\":\"https:\\\/\\\/schema.org\",\"@graph\":[{\"@type\":\"WebPage\",\"@id\":\"https:\\\/\\\/holzmann-fvl.at\\\/de\\\/holzmann\\\/\",\"url\":\"https:\\\/\\\/holzmann-fvl.at\\\/de\\\/holzmann\\\/\",\"name\":\"Holzmann - Holzmann Feines vom Land\",\"isPartOf\":{\"@id\":\"https:\\\/\\\/holzmann-fvl.at\\\/de\\\/#website\"},\"primaryImageOfPage\":{\"@id\":\"https:\\\/\\\/holzmann-fvl.at\\\/de\\\/holzmann\\\/#primaryimage\"},\"image\":{\"@id\":\"https:\\\/\\\/holzmann-fvl.at\\\/de\\\/holzmann\\\/#primaryimage\"},\"thumbnailUrl\":\"https:\\\/\\\/holzmann-fvl.at\\\/de\\\/wp-content\\\/uploads\\\/elementor\\\/thumbs\\\/thomas-und-stefan-ri0q80u3fdenjknzadvvlr15w929r8awtw58n8xmhg.jpg\",\"datePublished\":\"2022-02-24T14:47:11+00:00\",\"dateModified\":\"2026-02-12T11:10:11+00:00\",\"breadcrumb\":{\"@id\":\"https:\\\/\\\/holzmann-fvl.at\\\/de\\\/holzmann\\\/#breadcrumb\"},\"inLanguage\":\"de\",\"potentialAction\":[{\"@type\":\"ReadAction\",\"target\":[\"https:\\\/\\\/holzmann-fvl.at\\\/de\\\/holzmann\\\/\"]}]},{\"@type\":\"ImageObject\",\"inLanguage\":\"de\",\"@id\":\"https:\\\/\\\/holzmann-fvl.at\\\/de\\\/holzmann\\\/#primaryimage\",\"url\":\"https:\\\/\\\/holzmann-fvl.at\\\/de\\\/wp-content\\\/uploads\\\/elementor\\\/thumbs\\\/thomas-und-stefan-ri0q80u3fdenjknzadvvlr15w929r8awtw58n8xmhg.jpg\",\"contentUrl\":\"https:\\\/\\\/holzmann-fvl.at\\\/de\\\/wp-content\\\/uploads\\\/elementor\\\/thumbs\\\/thomas-und-stefan-ri0q80u3fdenjknzadvvlr15w929r8awtw58n8xmhg.jpg\"},{\"@type\":\"BreadcrumbList\",\"@id\":\"https:\\\/\\\/holzmann-fvl.at\\\/de\\\/holzmann\\\/#breadcrumb\",\"itemListElement\":[{\"@type\":\"ListItem\",\"position\":1,\"name\":\"Startseite\",\"item\":\"https:\\\/\\\/holzmann-fvl.at\\\/de\\\/\"},{\"@type\":\"ListItem\",\"position\":2,\"name\":\"Holzmann\"}]},{\"@type\":\"WebSite\",\"@id\":\"https:\\\/\\\/holzmann-fvl.at\\\/de\\\/#website\",\"url\":\"https:\\\/\\\/holzmann-fvl.at\\\/de\\\/\",\"name\":\"Bodo Sch\u00e4fer - Finanzcoach Moneycoach Geld Wohlstand Mindset Reichtum\",\"description\":\"\",\"publisher\":{\"@id\":\"https:\\\/\\\/holzmann-fvl.at\\\/de\\\/#organization\"},\"potentialAction\":[{\"@type\":\"SearchAction\",\"target\":{\"@type\":\"EntryPoint\",\"urlTemplate\":\"https:\\\/\\\/holzmann-fvl.at\\\/de\\\/?s={search_term_string}\"},\"query-input\":{\"@type\":\"PropertyValueSpecification\",\"valueRequired\":true,\"valueName\":\"search_term_string\"}}],\"inLanguage\":\"de\"},{\"@type\":\"Organization\",\"@id\":\"https:\\\/\\\/holzmann-fvl.at\\\/de\\\/#organization\",\"name\":\"Holzmann Feines vom Land\",\"url\":\"https:\\\/\\\/holzmann-fvl.at\\\/de\\\/\",\"logo\":{\"@type\":\"ImageObject\",\"inLanguage\":\"de\",\"@id\":\"https:\\\/\\\/holzmann-fvl.at\\\/de\\\/#\\\/schema\\\/logo\\\/image\\\/\",\"url\":\"https:\\\/\\\/holzmann-fvl.at\\\/de\\\/wp-content\\\/uploads\\\/2022\\\/02\\\/holzmann-logo.jpg\",\"contentUrl\":\"https:\\\/\\\/holzmann-fvl.at\\\/de\\\/wp-content\\\/uploads\\\/2022\\\/02\\\/holzmann-logo.jpg\",\"width\":190,\"height\":103,\"caption\":\"Holzmann Feines vom Land\"},\"image\":{\"@id\":\"https:\\\/\\\/holzmann-fvl.at\\\/de\\\/#\\\/schema\\\/logo\\\/image\\\/\"}}]}<\/script>\n<!-- \/ Yoast SEO plugin. -->","yoast_head_json":{"title":"Holzmann - Holzmann Feines vom Land","robots":{"index":"index","follow":"follow","max-snippet":"max-snippet:-1","max-image-preview":"max-image-preview:large","max-video-preview":"max-video-preview:-1"},"canonical":"https:\/\/holzmann-fvl.at\/de\/holzmann\/","og_locale":"de_DE","og_type":"article","og_title":"Holzmann - Holzmann Feines vom Land","og_description":"HOLZMANN \u00dcBER UNS Wir sind Anbieter von ausgew\u00e4hlten Convenience-Produkten (vorwiegend gek\u00fchlt) f\u00fcr Lebensmittel-Gro\u00dfhandel, Gro\u00dfverbraucher, Gastronomie &amp; Industrie in \u00d6sterreich und dem umliegenden Ausland \u2013 ausschlie\u00dflich B2B. Als zuverl\u00e4ssiger &amp; kompetenter Partner f\u00fcr Kunden, Mitarbeiter und Lieferanten agieren wir mit hoher Kompetenz und Motivation zum gegenseitigen...","og_url":"https:\/\/holzmann-fvl.at\/de\/holzmann\/","og_site_name":"Holzmann Feines vom Land","article_modified_time":"2026-02-12T11:10:11+00:00","og_image":[{"url":"https:\/\/holzmann-fvl.at\/de\/wp-content\/uploads\/elementor\/thumbs\/thomas-und-stefan-ri0q80u3fdenjknzadvvlr15w929r8awtw58n8xmhg.jpg","type":"","width":"","height":""}],"twitter_card":"summary_large_image","twitter_misc":{"Gesch\u00e4tzte Lesezeit":"2\u00a0Minuten"},"schema":{"@context":"https:\/\/schema.org","@graph":[{"@type":"WebPage","@id":"https:\/\/holzmann-fvl.at\/de\/holzmann\/","url":"https:\/\/holzmann-fvl.at\/de\/holzmann\/","name":"Holzmann - Holzmann Feines vom Land","isPartOf":{"@id":"https:\/\/holzmann-fvl.at\/de\/#website"},"primaryImageOfPage":{"@id":"https:\/\/holzmann-fvl.at\/de\/holzmann\/#primaryimage"},"image":{"@id":"https:\/\/holzmann-fvl.at\/de\/holzmann\/#primaryimage"},"thumbnailUrl":"https:\/\/holzmann-fvl.at\/de\/wp-content\/uploads\/elementor\/thumbs\/thomas-und-stefan-ri0q80u3fdenjknzadvvlr15w929r8awtw58n8xmhg.jpg","datePublished":"2022-02-24T14:47:11+00:00","dateModified":"2026-02-12T11:10:11+00:00","breadcrumb":{"@id":"https:\/\/holzmann-fvl.at\/de\/holzmann\/#breadcrumb"},"inLanguage":"de","potentialAction":[{"@type":"ReadAction","target":["https:\/\/holzmann-fvl.at\/de\/holzmann\/"]}]},{"@type":"ImageObject","inLanguage":"de","@id":"https:\/\/holzmann-fvl.at\/de\/holzmann\/#primaryimage","url":"https:\/\/holzmann-fvl.at\/de\/wp-content\/uploads\/elementor\/thumbs\/thomas-und-stefan-ri0q80u3fdenjknzadvvlr15w929r8awtw58n8xmhg.jpg","contentUrl":"https:\/\/holzmann-fvl.at\/de\/wp-content\/uploads\/elementor\/thumbs\/thomas-und-stefan-ri0q80u3fdenjknzadvvlr15w929r8awtw58n8xmhg.jpg"},{"@type":"BreadcrumbList","@id":"https:\/\/holzmann-fvl.at\/de\/holzmann\/#breadcrumb","itemListElement":[{"@type":"ListItem","position":1,"name":"Startseite","item":"https:\/\/holzmann-fvl.at\/de\/"},{"@type":"ListItem","position":2,"name":"Holzmann"}]},{"@type":"WebSite","@id":"https:\/\/holzmann-fvl.at\/de\/#website","url":"https:\/\/holzmann-fvl.at\/de\/","name":"Bodo Sch\u00e4fer - Finanzcoach Moneycoach Geld Wohlstand Mindset Reichtum","description":"","publisher":{"@id":"https:\/\/holzmann-fvl.at\/de\/#organization"},"potentialAction":[{"@type":"SearchAction","target":{"@type":"EntryPoint","urlTemplate":"https:\/\/holzmann-fvl.at\/de\/?s={search_term_string}"},"query-input":{"@type":"PropertyValueSpecification","valueRequired":true,"valueName":"search_term_string"}}],"inLanguage":"de"},{"@type":"Organization","@id":"https:\/\/holzmann-fvl.at\/de\/#organization","name":"Holzmann Feines vom Land","url":"https:\/\/holzmann-fvl.at\/de\/","logo":{"@type":"ImageObject","inLanguage":"de","@id":"https:\/\/holzmann-fvl.at\/de\/#\/schema\/logo\/image\/","url":"https:\/\/holzmann-fvl.at\/de\/wp-content\/uploads\/2022\/02\/holzmann-logo.jpg","contentUrl":"https:\/\/holzmann-fvl.at\/de\/wp-content\/uploads\/2022\/02\/holzmann-logo.jpg","width":190,"height":103,"caption":"Holzmann Feines vom Land"},"image":{"@id":"https:\/\/holzmann-fvl.at\/de\/#\/schema\/logo\/image\/"}}]}},"_links":{"self":[{"href":"https:\/\/holzmann-fvl.at\/de\/wp-json\/wp\/v2\/pages\/1383","targetHints":{"allow":["GET"]}}],"collection":[{"href":"https:\/\/holzmann-fvl.at\/de\/wp-json\/wp\/v2\/pages"}],"about":[{"href":"https:\/\/holzmann-fvl.at\/de\/wp-json\/wp\/v2\/types\/page"}],"author":[{"embeddable":true,"href":"https:\/\/holzmann-fvl.at\/de\/wp-json\/wp\/v2\/users\/2"}],"replies":[{"embeddable":true,"href":"https:\/\/holzmann-fvl.at\/de\/wp-json\/wp\/v2\/comments?post=1383"}],"version-history":[{"count":19,"href":"https:\/\/holzmann-fvl.at\/de\/wp-json\/wp\/v2\/pages\/1383\/revisions"}],"predecessor-version":[{"id":2311,"href":"https:\/\/holzmann-fvl.at\/de\/wp-json\/wp\/v2\/pages\/1383\/revisions\/2311"}],"wp:attachment":[{"href":"https:\/\/holzmann-fvl.at\/de\/wp-json\/wp\/v2\/media?parent=1383"}],"curies":[{"name":"wp","href":"https:\/\/api.w.org\/{rel}","templated":true}]}}