{"id":1608,"date":"2022-02-28T15:22:46","date_gmt":"2022-02-28T14:22:46","guid":{"rendered":"https:\/\/holzmann-fvl.at\/de\/?page_id=1608"},"modified":"2022-03-11T12:44:20","modified_gmt":"2022-03-11T11:44:20","slug":"vertriebspartner-de","status":"publish","type":"page","link":"https:\/\/holzmann-fvl.at\/de\/vertriebspartner-de\/","title":{"rendered":"Vertriebspartner"},"content":{"rendered":"\t\t<div data-elementor-type=\"wp-page\" data-elementor-id=\"1608\" class=\"elementor elementor-1608\">\n\t\t\t\t\t\t<section class=\"elementor-section elementor-top-section elementor-element elementor-element-897a4bc elementor-section-boxed elementor-section-height-default elementor-section-height-default parallax_section_no qode_elementor_container_no\" data-id=\"897a4bc\" data-element_type=\"section\" data-e-type=\"section\">\n\t\t\t\t\t\t<div class=\"elementor-container elementor-column-gap-default\">\n\t\t\t\t\t<div class=\"elementor-column elementor-col-100 elementor-top-column elementor-element elementor-element-08b106e\" data-id=\"08b106e\" data-element_type=\"column\" data-e-type=\"column\">\n\t\t\t<div class=\"elementor-widget-wrap elementor-element-populated\">\n\t\t\t\t\t\t<div class=\"elementor-element elementor-element-a66484d elementor-widget elementor-widget-text-editor\" data-id=\"a66484d\" data-element_type=\"widget\" data-e-type=\"widget\" data-widget_type=\"text-editor.default\">\n\t\t\t\t<div class=\"elementor-widget-container\">\n\t\t\t\t\t\t\t\t\t<h1 style=\"text-align: center;\">VERTRIEBSPARTNER<\/h1>\t\t\t\t\t\t\t\t<\/div>\n\t\t\t\t<\/div>\n\t\t\t\t<div class=\"elementor-element elementor-element-6038d2e elementor-widget-divider--view-line elementor-widget elementor-widget-divider\" data-id=\"6038d2e\" data-element_type=\"widget\" data-e-type=\"widget\" data-widget_type=\"divider.default\">\n\t\t\t\t<div class=\"elementor-widget-container\">\n\t\t\t\t\t\t\t<div class=\"elementor-divider\">\n\t\t\t<span class=\"elementor-divider-separator\">\n\t\t\t\t\t\t<\/span>\n\t\t<\/div>\n\t\t\t\t\t\t<\/div>\n\t\t\t\t<\/div>\n\t\t\t\t<section class=\"elementor-section elementor-inner-section elementor-element elementor-element-ed2a16d elementor-section-boxed elementor-section-height-default elementor-section-height-default parallax_section_no qode_elementor_container_no\" data-id=\"ed2a16d\" data-element_type=\"section\" data-e-type=\"section\">\n\t\t\t\t\t\t<div class=\"elementor-container elementor-column-gap-wide\">\n\t\t\t\t\t<div class=\"elementor-column elementor-col-50 elementor-inner-column elementor-element elementor-element-0083bad\" data-id=\"0083bad\" data-element_type=\"column\" data-e-type=\"column\">\n\t\t\t<div class=\"elementor-widget-wrap elementor-element-populated\">\n\t\t\t\t\t\t<div class=\"elementor-element elementor-element-87d64b4 elementor-widget elementor-widget-image\" data-id=\"87d64b4\" data-element_type=\"widget\" data-e-type=\"widget\" data-widget_type=\"image.default\">\n\t\t\t\t<div class=\"elementor-widget-container\">\n\t\t\t\t\t\t\t\t\t\t\t\t\t\t\t\t<a href=\"http:\/\/www.bosfood.de\" target=\"_blank\">\n\t\t\t\t\t\t\t<img fetchpriority=\"high\" decoding=\"async\" width=\"1024\" height=\"287\" src=\"https:\/\/holzmann-fvl.at\/de\/wp-content\/uploads\/2022\/02\/bosfood-1024x287.jpg\" class=\"attachment-large size-large wp-image-1610\" alt=\"\" srcset=\"https:\/\/holzmann-fvl.at\/de\/wp-content\/uploads\/2022\/02\/bosfood-1024x287.jpg 1024w, https:\/\/holzmann-fvl.at\/de\/wp-content\/uploads\/2022\/02\/bosfood-300x84.jpg 300w, https:\/\/holzmann-fvl.at\/de\/wp-content\/uploads\/2022\/02\/bosfood-768x215.jpg 768w, https:\/\/holzmann-fvl.at\/de\/wp-content\/uploads\/2022\/02\/bosfood-1536x430.jpg 1536w, https:\/\/holzmann-fvl.at\/de\/wp-content\/uploads\/2022\/02\/bosfood-700x196.jpg 700w, https:\/\/holzmann-fvl.at\/de\/wp-content\/uploads\/2022\/02\/bosfood.jpg 2048w\" sizes=\"(max-width: 1024px) 100vw, 1024px\" \/>\t\t\t\t\t\t\t\t<\/a>\n\t\t\t\t\t\t\t\t\t\t\t\t\t\t\t<\/div>\n\t\t\t\t<\/div>\n\t\t\t\t\t<\/div>\n\t\t<\/div>\n\t\t\t\t<div class=\"elementor-column elementor-col-50 elementor-inner-column elementor-element elementor-element-c1269b3\" data-id=\"c1269b3\" data-element_type=\"column\" data-e-type=\"column\">\n\t\t\t<div class=\"elementor-widget-wrap elementor-element-populated\">\n\t\t\t\t\t\t<div class=\"elementor-element elementor-element-ac1d70d elementor-widget elementor-widget-text-editor\" data-id=\"ac1d70d\" data-element_type=\"widget\" data-e-type=\"widget\" data-widget_type=\"text-editor.default\">\n\t\t\t\t<div class=\"elementor-widget-container\">\n\t\t\t\t\t\t\t\t\t<p><strong>BOS FOOD GmbH<\/strong><br \/>Gr\u00fcnstra\u00dfe 24c<br \/>40667 Meerbusch<br \/>Telefon: 0049-2132-139-0<br \/>Telefax: 0049-2132-139-100<br \/>E-Mail: <a href=\"mailto:Service@bosfood.de\">Service@bosfood.de<\/a><br \/>Internet: <a href=\"http:\/\/www.bosfood.de\">www.bosfood.de<\/a><\/p>\t\t\t\t\t\t\t\t<\/div>\n\t\t\t\t<\/div>\n\t\t\t\t\t<\/div>\n\t\t<\/div>\n\t\t\t\t\t<\/div>\n\t\t<\/section>\n\t\t\t\t<div class=\"elementor-element elementor-element-cd53e36 elementor-widget-divider--view-line elementor-widget elementor-widget-divider\" data-id=\"cd53e36\" data-element_type=\"widget\" data-e-type=\"widget\" data-widget_type=\"divider.default\">\n\t\t\t\t<div class=\"elementor-widget-container\">\n\t\t\t\t\t\t\t<div class=\"elementor-divider\">\n\t\t\t<span class=\"elementor-divider-separator\">\n\t\t\t\t\t\t<\/span>\n\t\t<\/div>\n\t\t\t\t\t\t<\/div>\n\t\t\t\t<\/div>\n\t\t\t\t<section class=\"elementor-section elementor-inner-section elementor-element elementor-element-c8f33f1 elementor-section-boxed elementor-section-height-default elementor-section-height-default parallax_section_no qode_elementor_container_no\" data-id=\"c8f33f1\" data-element_type=\"section\" data-e-type=\"section\">\n\t\t\t\t\t\t<div class=\"elementor-container elementor-column-gap-wide\">\n\t\t\t\t\t<div class=\"elementor-column elementor-col-50 elementor-inner-column elementor-element elementor-element-56cc29a\" data-id=\"56cc29a\" data-element_type=\"column\" data-e-type=\"column\">\n\t\t\t<div class=\"elementor-widget-wrap elementor-element-populated\">\n\t\t\t\t\t\t<div class=\"elementor-element elementor-element-16055cf elementor-widget elementor-widget-image\" data-id=\"16055cf\" data-element_type=\"widget\" data-e-type=\"widget\" data-widget_type=\"image.default\">\n\t\t\t\t<div class=\"elementor-widget-container\">\n\t\t\t\t\t\t\t\t\t\t\t\t\t\t\t\t<a href=\"http:\/\/www.knoedelconnection.de\" target=\"_blank\">\n\t\t\t\t\t\t\t<img decoding=\"async\" width=\"302\" height=\"326\" src=\"https:\/\/holzmann-fvl.at\/de\/wp-content\/uploads\/2022\/03\/knoedel-connection-logo.png\" class=\"attachment-large size-large wp-image-1847\" alt=\"\" srcset=\"https:\/\/holzmann-fvl.at\/de\/wp-content\/uploads\/2022\/03\/knoedel-connection-logo.png 302w, https:\/\/holzmann-fvl.at\/de\/wp-content\/uploads\/2022\/03\/knoedel-connection-logo-278x300.png 278w\" sizes=\"(max-width: 302px) 100vw, 302px\" \/>\t\t\t\t\t\t\t\t<\/a>\n\t\t\t\t\t\t\t\t\t\t\t\t\t\t\t<\/div>\n\t\t\t\t<\/div>\n\t\t\t\t\t<\/div>\n\t\t<\/div>\n\t\t\t\t<div class=\"elementor-column elementor-col-50 elementor-inner-column elementor-element elementor-element-e0d2aaf\" data-id=\"e0d2aaf\" data-element_type=\"column\" data-e-type=\"column\">\n\t\t\t<div class=\"elementor-widget-wrap elementor-element-populated\">\n\t\t\t\t\t\t<div class=\"elementor-element elementor-element-4cf08b5 elementor-widget elementor-widget-text-editor\" data-id=\"4cf08b5\" data-element_type=\"widget\" data-e-type=\"widget\" data-widget_type=\"text-editor.default\">\n\t\t\t\t<div class=\"elementor-widget-container\">\n\t\t\t\t\t\t\t\t\t<p><strong>Kn\u00f6delConnection GmbH<\/strong><strong><br \/>Gro\u00dfmarkthalle M\u00fcnchen<\/strong><br \/>Tel.: 089 340 77 27 90<br \/>Fax: 089 340 77 27 99<br \/><a href=\"mailto:info@knoedelconnection.de\">info@knoedelconnection.de<\/a><br \/><a href=\"http:\/\/www.knoedelconnection.de\/\">www.knoedelconnection.de<\/a><br \/>Postfach 75 05 20<br \/>81335 M\u00fcnchen<\/p>\t\t\t\t\t\t\t\t<\/div>\n\t\t\t\t<\/div>\n\t\t\t\t\t<\/div>\n\t\t<\/div>\n\t\t\t\t\t<\/div>\n\t\t<\/section>\n\t\t\t\t<div class=\"elementor-element elementor-element-9bee43a elementor-widget-divider--view-line elementor-widget elementor-widget-divider\" data-id=\"9bee43a\" data-element_type=\"widget\" data-e-type=\"widget\" data-widget_type=\"divider.default\">\n\t\t\t\t<div class=\"elementor-widget-container\">\n\t\t\t\t\t\t\t<div class=\"elementor-divider\">\n\t\t\t<span class=\"elementor-divider-separator\">\n\t\t\t\t\t\t<\/span>\n\t\t<\/div>\n\t\t\t\t\t\t<\/div>\n\t\t\t\t<\/div>\n\t\t\t\t<section class=\"elementor-section elementor-inner-section elementor-element elementor-element-44e2701 elementor-section-boxed elementor-section-height-default elementor-section-height-default parallax_section_no qode_elementor_container_no\" data-id=\"44e2701\" data-element_type=\"section\" data-e-type=\"section\">\n\t\t\t\t\t\t<div class=\"elementor-container elementor-column-gap-wide\">\n\t\t\t\t\t<div class=\"elementor-column elementor-col-50 elementor-inner-column elementor-element elementor-element-c777b9b\" data-id=\"c777b9b\" data-element_type=\"column\" data-e-type=\"column\">\n\t\t\t<div class=\"elementor-widget-wrap elementor-element-populated\">\n\t\t\t\t\t\t<div class=\"elementor-element elementor-element-78405bc elementor-widget elementor-widget-image\" data-id=\"78405bc\" data-element_type=\"widget\" data-e-type=\"widget\" data-widget_type=\"image.default\">\n\t\t\t\t<div class=\"elementor-widget-container\">\n\t\t\t\t\t\t\t\t\t\t\t\t\t\t\t\t<a href=\"http:\/\/www.innstolz.de\" target=\"_blank\">\n\t\t\t\t\t\t\t<img decoding=\"async\" width=\"242\" height=\"300\" src=\"https:\/\/holzmann-fvl.at\/de\/wp-content\/uploads\/2022\/03\/innstolz-logo-242x300.png\" class=\"attachment-medium size-medium wp-image-1848\" alt=\"\" srcset=\"https:\/\/holzmann-fvl.at\/de\/wp-content\/uploads\/2022\/03\/innstolz-logo-242x300.png 242w, https:\/\/holzmann-fvl.at\/de\/wp-content\/uploads\/2022\/03\/innstolz-logo-826x1024.png 826w, https:\/\/holzmann-fvl.at\/de\/wp-content\/uploads\/2022\/03\/innstolz-logo-768x952.png 768w, https:\/\/holzmann-fvl.at\/de\/wp-content\/uploads\/2022\/03\/innstolz-logo-700x867.png 700w, https:\/\/holzmann-fvl.at\/de\/wp-content\/uploads\/2022\/03\/innstolz-logo.png 1000w\" sizes=\"(max-width: 242px) 100vw, 242px\" \/>\t\t\t\t\t\t\t\t<\/a>\n\t\t\t\t\t\t\t\t\t\t\t\t\t\t\t<\/div>\n\t\t\t\t<\/div>\n\t\t\t\t\t<\/div>\n\t\t<\/div>\n\t\t\t\t<div class=\"elementor-column elementor-col-50 elementor-inner-column elementor-element elementor-element-d0abe8f\" data-id=\"d0abe8f\" data-element_type=\"column\" data-e-type=\"column\">\n\t\t\t<div class=\"elementor-widget-wrap elementor-element-populated\">\n\t\t\t\t\t\t<div class=\"elementor-element elementor-element-4e3423f elementor-widget elementor-widget-text-editor\" data-id=\"4e3423f\" data-element_type=\"widget\" data-e-type=\"widget\" data-widget_type=\"text-editor.default\">\n\t\t\t\t<div class=\"elementor-widget-container\">\n\t\t\t\t\t\t\t\t\t<p><strong>Innstolz K\u00e4sewerk Roiner KG<\/strong> <br \/>Molkereistra\u00dfe 10 <br \/>94094 Rotthalm\u00fcnster<br \/>Tel. 00 49\/(0) 85 33\/97 09-0<br \/>Fax 00 49\/(0) 85 33\/97 09-130<br \/>E-Mail:\u00a0<a href=\"mailto:frischdienst@innstolz.de\">frischdienst@innstolz.de<\/a><br \/><a href=\"http:\/\/www.innstolz.de\">www.innstolz.de<\/a><\/p>\t\t\t\t\t\t\t\t<\/div>\n\t\t\t\t<\/div>\n\t\t\t\t\t<\/div>\n\t\t<\/div>\n\t\t\t\t\t<\/div>\n\t\t<\/section>\n\t\t\t\t<div class=\"elementor-element elementor-element-f1e8094 elementor-widget-divider--view-line elementor-widget elementor-widget-divider\" data-id=\"f1e8094\" data-element_type=\"widget\" data-e-type=\"widget\" data-widget_type=\"divider.default\">\n\t\t\t\t<div class=\"elementor-widget-container\">\n\t\t\t\t\t\t\t<div class=\"elementor-divider\">\n\t\t\t<span class=\"elementor-divider-separator\">\n\t\t\t\t\t\t<\/span>\n\t\t<\/div>\n\t\t\t\t\t\t<\/div>\n\t\t\t\t<\/div>\n\t\t\t\t<section class=\"elementor-section elementor-inner-section elementor-element elementor-element-e010b4b elementor-section-boxed elementor-section-height-default elementor-section-height-default parallax_section_no qode_elementor_container_no\" data-id=\"e010b4b\" data-element_type=\"section\" data-e-type=\"section\">\n\t\t\t\t\t\t<div class=\"elementor-container elementor-column-gap-wide\">\n\t\t\t\t\t<div class=\"elementor-column elementor-col-50 elementor-inner-column elementor-element elementor-element-1240c8b\" data-id=\"1240c8b\" data-element_type=\"column\" data-e-type=\"column\">\n\t\t\t<div class=\"elementor-widget-wrap elementor-element-populated\">\n\t\t\t\t\t\t<div class=\"elementor-element elementor-element-bc5802e elementor-widget elementor-widget-image\" data-id=\"bc5802e\" data-element_type=\"widget\" data-e-type=\"widget\" data-widget_type=\"image.default\">\n\t\t\t\t<div class=\"elementor-widget-container\">\n\t\t\t\t\t\t\t\t\t\t\t\t\t\t\t\t<a href=\"http:\/\/www.cc-oberallgaeu.de\" target=\"_blank\">\n\t\t\t\t\t\t\t<img loading=\"lazy\" decoding=\"async\" width=\"1024\" height=\"221\" src=\"https:\/\/holzmann-fvl.at\/de\/wp-content\/uploads\/2022\/03\/C_C_Logo-blau_RGB-1024x221.jpg\" class=\"attachment-large size-large wp-image-1846\" alt=\"\" srcset=\"https:\/\/holzmann-fvl.at\/de\/wp-content\/uploads\/2022\/03\/C_C_Logo-blau_RGB-1024x221.jpg 1024w, https:\/\/holzmann-fvl.at\/de\/wp-content\/uploads\/2022\/03\/C_C_Logo-blau_RGB-300x65.jpg 300w, https:\/\/holzmann-fvl.at\/de\/wp-content\/uploads\/2022\/03\/C_C_Logo-blau_RGB-768x166.jpg 768w, https:\/\/holzmann-fvl.at\/de\/wp-content\/uploads\/2022\/03\/C_C_Logo-blau_RGB-1536x332.jpg 1536w, https:\/\/holzmann-fvl.at\/de\/wp-content\/uploads\/2022\/03\/C_C_Logo-blau_RGB-700x151.jpg 700w, https:\/\/holzmann-fvl.at\/de\/wp-content\/uploads\/2022\/03\/C_C_Logo-blau_RGB.jpg 2048w\" sizes=\"(max-width: 1024px) 100vw, 1024px\" \/>\t\t\t\t\t\t\t\t<\/a>\n\t\t\t\t\t\t\t\t\t\t\t\t\t\t\t<\/div>\n\t\t\t\t<\/div>\n\t\t\t\t\t<\/div>\n\t\t<\/div>\n\t\t\t\t<div class=\"elementor-column elementor-col-50 elementor-inner-column elementor-element elementor-element-659d5ba\" data-id=\"659d5ba\" data-element_type=\"column\" data-e-type=\"column\">\n\t\t\t<div class=\"elementor-widget-wrap elementor-element-populated\">\n\t\t\t\t\t\t<div class=\"elementor-element elementor-element-3d925c9 elementor-widget elementor-widget-text-editor\" data-id=\"3d925c9\" data-element_type=\"widget\" data-e-type=\"widget\" data-widget_type=\"text-editor.default\">\n\t\t\t\t<div class=\"elementor-widget-container\">\n\t\t\t\t\t\t\t\t\t<p><strong>C+C Oberallg\u00e4u<\/strong><br \/>Lang-Steudler GmbH<br \/>Hofen 18<br \/>87544 Blaichach<br \/>Tel: 08321 \/ 800 6 \u2013 0<br \/>Fax: 08321 \/ 800 6 \u2013 90<br \/>E-mail: <a href=\"mailto:info@cc-oberallgaeu.de\">info@cc-oberallgaeu.de<\/a><br \/><a href=\"http:\/\/www.cc-oberallgaeu.de\/\">www.cc-oberallgaeu.de<\/a><\/p>\t\t\t\t\t\t\t\t<\/div>\n\t\t\t\t<\/div>\n\t\t\t\t\t<\/div>\n\t\t<\/div>\n\t\t\t\t\t<\/div>\n\t\t<\/section>\n\t\t\t\t\t<\/div>\n\t\t<\/div>\n\t\t\t\t\t<\/div>\n\t\t<\/section>\n\t\t\t\t<\/div>\n\t\t","protected":false},"excerpt":{"rendered":"<p>VERTRIEBSPARTNER BOS FOOD GmbHGr\u00fcnstra\u00dfe 24c40667 MeerbuschTelefon: 0049-2132-139-0Telefax: 0049-2132-139-100E-Mail: Service@bosfood.deInternet: www.bosfood.de Kn\u00f6delConnection GmbHGro\u00dfmarkthalle M\u00fcnchenTel.: 089 340 77 27 90Fax: 089 340 77 27 99info@knoedelconnection.dewww.knoedelconnection.dePostfach 75 05 2081335 M\u00fcnchen Innstolz K\u00e4sewerk Roiner KG Molkereistra\u00dfe 10 94094 Rotthalm\u00fcnsterTel. 00 49\/(0) 85 33\/97 09-0Fax 00 49\/(0) 85 33\/97 09-130E-Mail:\u00a0frischdienst@innstolz.dewww.innstolz.de&#8230;<\/p>\n","protected":false},"author":3,"featured_media":0,"parent":0,"menu_order":4,"comment_status":"closed","ping_status":"closed","template":"full_width.php","meta":{"footnotes":""},"class_list":["post-1608","page","type-page","status-publish","hentry"],"yoast_head":"<!-- This site is optimized with the Yoast SEO plugin v27.3 - https:\/\/yoast.com\/product\/yoast-seo-wordpress\/ -->\n<title>Vertriebspartner - Holzmann Feines vom Land<\/title>\n<meta name=\"robots\" content=\"index, follow, max-snippet:-1, max-image-preview:large, max-video-preview:-1\" \/>\n<link rel=\"canonical\" href=\"https:\/\/holzmann-fvl.at\/de\/vertriebspartner-de\/\" \/>\n<meta property=\"og:locale\" content=\"de_DE\" \/>\n<meta property=\"og:type\" content=\"article\" \/>\n<meta property=\"og:title\" content=\"Vertriebspartner - Holzmann Feines vom Land\" \/>\n<meta property=\"og:description\" content=\"VERTRIEBSPARTNER BOS FOOD GmbHGr\u00fcnstra\u00dfe 24c40667 MeerbuschTelefon: 0049-2132-139-0Telefax: 0049-2132-139-100E-Mail: Service@bosfood.deInternet: www.bosfood.de Kn\u00f6delConnection GmbHGro\u00dfmarkthalle M\u00fcnchenTel.: 089 340 77 27 90Fax: 089 340 77 27 99info@knoedelconnection.dewww.knoedelconnection.dePostfach 75 05 2081335 M\u00fcnchen Innstolz K\u00e4sewerk Roiner KG Molkereistra\u00dfe 10 94094 Rotthalm\u00fcnsterTel. 00 49\/(0) 85 33\/97 09-0Fax 00 49\/(0) 85 33\/97 09-130E-Mail:\u00a0frischdienst@innstolz.dewww.innstolz.de...\" \/>\n<meta property=\"og:url\" content=\"https:\/\/holzmann-fvl.at\/de\/vertriebspartner-de\/\" \/>\n<meta property=\"og:site_name\" content=\"Holzmann Feines vom Land\" \/>\n<meta property=\"article:modified_time\" content=\"2022-03-11T11:44:20+00:00\" \/>\n<meta property=\"og:image\" content=\"https:\/\/holzmann-fvl.at\/de\/wp-content\/uploads\/2022\/02\/bosfood-1024x287.jpg\" \/>\n<meta name=\"twitter:card\" content=\"summary_large_image\" \/>\n<meta name=\"twitter:label1\" content=\"Gesch\u00e4tzte Lesezeit\" \/>\n\t<meta name=\"twitter:data1\" content=\"2\u00a0Minuten\" \/>\n<script type=\"application\/ld+json\" class=\"yoast-schema-graph\">{\"@context\":\"https:\\\/\\\/schema.org\",\"@graph\":[{\"@type\":\"WebPage\",\"@id\":\"https:\\\/\\\/holzmann-fvl.at\\\/de\\\/vertriebspartner-de\\\/\",\"url\":\"https:\\\/\\\/holzmann-fvl.at\\\/de\\\/vertriebspartner-de\\\/\",\"name\":\"Vertriebspartner - Holzmann Feines vom Land\",\"isPartOf\":{\"@id\":\"https:\\\/\\\/holzmann-fvl.at\\\/de\\\/#website\"},\"primaryImageOfPage\":{\"@id\":\"https:\\\/\\\/holzmann-fvl.at\\\/de\\\/vertriebspartner-de\\\/#primaryimage\"},\"image\":{\"@id\":\"https:\\\/\\\/holzmann-fvl.at\\\/de\\\/vertriebspartner-de\\\/#primaryimage\"},\"thumbnailUrl\":\"https:\\\/\\\/holzmann-fvl.at\\\/de\\\/wp-content\\\/uploads\\\/2022\\\/02\\\/bosfood-1024x287.jpg\",\"datePublished\":\"2022-02-28T14:22:46+00:00\",\"dateModified\":\"2022-03-11T11:44:20+00:00\",\"breadcrumb\":{\"@id\":\"https:\\\/\\\/holzmann-fvl.at\\\/de\\\/vertriebspartner-de\\\/#breadcrumb\"},\"inLanguage\":\"de\",\"potentialAction\":[{\"@type\":\"ReadAction\",\"target\":[\"https:\\\/\\\/holzmann-fvl.at\\\/de\\\/vertriebspartner-de\\\/\"]}]},{\"@type\":\"ImageObject\",\"inLanguage\":\"de\",\"@id\":\"https:\\\/\\\/holzmann-fvl.at\\\/de\\\/vertriebspartner-de\\\/#primaryimage\",\"url\":\"https:\\\/\\\/holzmann-fvl.at\\\/de\\\/wp-content\\\/uploads\\\/2022\\\/02\\\/bosfood.jpg\",\"contentUrl\":\"https:\\\/\\\/holzmann-fvl.at\\\/de\\\/wp-content\\\/uploads\\\/2022\\\/02\\\/bosfood.jpg\",\"width\":2048,\"height\":573},{\"@type\":\"BreadcrumbList\",\"@id\":\"https:\\\/\\\/holzmann-fvl.at\\\/de\\\/vertriebspartner-de\\\/#breadcrumb\",\"itemListElement\":[{\"@type\":\"ListItem\",\"position\":1,\"name\":\"Startseite\",\"item\":\"https:\\\/\\\/holzmann-fvl.at\\\/de\\\/\"},{\"@type\":\"ListItem\",\"position\":2,\"name\":\"Vertriebspartner\"}]},{\"@type\":\"WebSite\",\"@id\":\"https:\\\/\\\/holzmann-fvl.at\\\/de\\\/#website\",\"url\":\"https:\\\/\\\/holzmann-fvl.at\\\/de\\\/\",\"name\":\"Bodo Sch\u00e4fer - Finanzcoach Moneycoach Geld Wohlstand Mindset Reichtum\",\"description\":\"\",\"publisher\":{\"@id\":\"https:\\\/\\\/holzmann-fvl.at\\\/de\\\/#organization\"},\"potentialAction\":[{\"@type\":\"SearchAction\",\"target\":{\"@type\":\"EntryPoint\",\"urlTemplate\":\"https:\\\/\\\/holzmann-fvl.at\\\/de\\\/?s={search_term_string}\"},\"query-input\":{\"@type\":\"PropertyValueSpecification\",\"valueRequired\":true,\"valueName\":\"search_term_string\"}}],\"inLanguage\":\"de\"},{\"@type\":\"Organization\",\"@id\":\"https:\\\/\\\/holzmann-fvl.at\\\/de\\\/#organization\",\"name\":\"Holzmann Feines vom Land\",\"url\":\"https:\\\/\\\/holzmann-fvl.at\\\/de\\\/\",\"logo\":{\"@type\":\"ImageObject\",\"inLanguage\":\"de\",\"@id\":\"https:\\\/\\\/holzmann-fvl.at\\\/de\\\/#\\\/schema\\\/logo\\\/image\\\/\",\"url\":\"https:\\\/\\\/holzmann-fvl.at\\\/de\\\/wp-content\\\/uploads\\\/2022\\\/02\\\/holzmann-logo.jpg\",\"contentUrl\":\"https:\\\/\\\/holzmann-fvl.at\\\/de\\\/wp-content\\\/uploads\\\/2022\\\/02\\\/holzmann-logo.jpg\",\"width\":190,\"height\":103,\"caption\":\"Holzmann Feines vom Land\"},\"image\":{\"@id\":\"https:\\\/\\\/holzmann-fvl.at\\\/de\\\/#\\\/schema\\\/logo\\\/image\\\/\"}}]}<\/script>\n<!-- \/ Yoast SEO plugin. -->","yoast_head_json":{"title":"Vertriebspartner - Holzmann Feines vom Land","robots":{"index":"index","follow":"follow","max-snippet":"max-snippet:-1","max-image-preview":"max-image-preview:large","max-video-preview":"max-video-preview:-1"},"canonical":"https:\/\/holzmann-fvl.at\/de\/vertriebspartner-de\/","og_locale":"de_DE","og_type":"article","og_title":"Vertriebspartner - Holzmann Feines vom Land","og_description":"VERTRIEBSPARTNER BOS FOOD GmbHGr\u00fcnstra\u00dfe 24c40667 MeerbuschTelefon: 0049-2132-139-0Telefax: 0049-2132-139-100E-Mail: Service@bosfood.deInternet: www.bosfood.de Kn\u00f6delConnection GmbHGro\u00dfmarkthalle M\u00fcnchenTel.: 089 340 77 27 90Fax: 089 340 77 27 99info@knoedelconnection.dewww.knoedelconnection.dePostfach 75 05 2081335 M\u00fcnchen Innstolz K\u00e4sewerk Roiner KG Molkereistra\u00dfe 10 94094 Rotthalm\u00fcnsterTel. 00 49\/(0) 85 33\/97 09-0Fax 00 49\/(0) 85 33\/97 09-130E-Mail:\u00a0frischdienst@innstolz.dewww.innstolz.de...","og_url":"https:\/\/holzmann-fvl.at\/de\/vertriebspartner-de\/","og_site_name":"Holzmann Feines vom Land","article_modified_time":"2022-03-11T11:44:20+00:00","og_image":[{"url":"https:\/\/holzmann-fvl.at\/de\/wp-content\/uploads\/2022\/02\/bosfood-1024x287.jpg","type":"","width":"","height":""}],"twitter_card":"summary_large_image","twitter_misc":{"Gesch\u00e4tzte Lesezeit":"2\u00a0Minuten"},"schema":{"@context":"https:\/\/schema.org","@graph":[{"@type":"WebPage","@id":"https:\/\/holzmann-fvl.at\/de\/vertriebspartner-de\/","url":"https:\/\/holzmann-fvl.at\/de\/vertriebspartner-de\/","name":"Vertriebspartner - Holzmann Feines vom Land","isPartOf":{"@id":"https:\/\/holzmann-fvl.at\/de\/#website"},"primaryImageOfPage":{"@id":"https:\/\/holzmann-fvl.at\/de\/vertriebspartner-de\/#primaryimage"},"image":{"@id":"https:\/\/holzmann-fvl.at\/de\/vertriebspartner-de\/#primaryimage"},"thumbnailUrl":"https:\/\/holzmann-fvl.at\/de\/wp-content\/uploads\/2022\/02\/bosfood-1024x287.jpg","datePublished":"2022-02-28T14:22:46+00:00","dateModified":"2022-03-11T11:44:20+00:00","breadcrumb":{"@id":"https:\/\/holzmann-fvl.at\/de\/vertriebspartner-de\/#breadcrumb"},"inLanguage":"de","potentialAction":[{"@type":"ReadAction","target":["https:\/\/holzmann-fvl.at\/de\/vertriebspartner-de\/"]}]},{"@type":"ImageObject","inLanguage":"de","@id":"https:\/\/holzmann-fvl.at\/de\/vertriebspartner-de\/#primaryimage","url":"https:\/\/holzmann-fvl.at\/de\/wp-content\/uploads\/2022\/02\/bosfood.jpg","contentUrl":"https:\/\/holzmann-fvl.at\/de\/wp-content\/uploads\/2022\/02\/bosfood.jpg","width":2048,"height":573},{"@type":"BreadcrumbList","@id":"https:\/\/holzmann-fvl.at\/de\/vertriebspartner-de\/#breadcrumb","itemListElement":[{"@type":"ListItem","position":1,"name":"Startseite","item":"https:\/\/holzmann-fvl.at\/de\/"},{"@type":"ListItem","position":2,"name":"Vertriebspartner"}]},{"@type":"WebSite","@id":"https:\/\/holzmann-fvl.at\/de\/#website","url":"https:\/\/holzmann-fvl.at\/de\/","name":"Bodo Sch\u00e4fer - Finanzcoach Moneycoach Geld Wohlstand Mindset Reichtum","description":"","publisher":{"@id":"https:\/\/holzmann-fvl.at\/de\/#organization"},"potentialAction":[{"@type":"SearchAction","target":{"@type":"EntryPoint","urlTemplate":"https:\/\/holzmann-fvl.at\/de\/?s={search_term_string}"},"query-input":{"@type":"PropertyValueSpecification","valueRequired":true,"valueName":"search_term_string"}}],"inLanguage":"de"},{"@type":"Organization","@id":"https:\/\/holzmann-fvl.at\/de\/#organization","name":"Holzmann Feines vom Land","url":"https:\/\/holzmann-fvl.at\/de\/","logo":{"@type":"ImageObject","inLanguage":"de","@id":"https:\/\/holzmann-fvl.at\/de\/#\/schema\/logo\/image\/","url":"https:\/\/holzmann-fvl.at\/de\/wp-content\/uploads\/2022\/02\/holzmann-logo.jpg","contentUrl":"https:\/\/holzmann-fvl.at\/de\/wp-content\/uploads\/2022\/02\/holzmann-logo.jpg","width":190,"height":103,"caption":"Holzmann Feines vom Land"},"image":{"@id":"https:\/\/holzmann-fvl.at\/de\/#\/schema\/logo\/image\/"}}]}},"_links":{"self":[{"href":"https:\/\/holzmann-fvl.at\/de\/wp-json\/wp\/v2\/pages\/1608","targetHints":{"allow":["GET"]}}],"collection":[{"href":"https:\/\/holzmann-fvl.at\/de\/wp-json\/wp\/v2\/pages"}],"about":[{"href":"https:\/\/holzmann-fvl.at\/de\/wp-json\/wp\/v2\/types\/page"}],"author":[{"embeddable":true,"href":"https:\/\/holzmann-fvl.at\/de\/wp-json\/wp\/v2\/users\/3"}],"replies":[{"embeddable":true,"href":"https:\/\/holzmann-fvl.at\/de\/wp-json\/wp\/v2\/comments?post=1608"}],"version-history":[{"count":39,"href":"https:\/\/holzmann-fvl.at\/de\/wp-json\/wp\/v2\/pages\/1608\/revisions"}],"predecessor-version":[{"id":2164,"href":"https:\/\/holzmann-fvl.at\/de\/wp-json\/wp\/v2\/pages\/1608\/revisions\/2164"}],"wp:attachment":[{"href":"https:\/\/holzmann-fvl.at\/de\/wp-json\/wp\/v2\/media?parent=1608"}],"curies":[{"name":"wp","href":"https:\/\/api.w.org\/{rel}","templated":true}]}}